{"id":192,"date":"2021-02-18T21:16:47","date_gmt":"2021-02-18T21:16:47","guid":{"rendered":"https:\/\/sc-ascona.zambroid.me\/?page_id=192"},"modified":"2026-01-27T10:22:11","modified_gmt":"2026-01-27T09:22:11","slug":"corso-cani-della-lista","status":"publish","type":"page","link":"https:\/\/scascona.ch\/de\/corso-cani-della-lista\/","title":{"rendered":"Listenhunde Kurs"},"content":{"rendered":"<p><\/p>\n\n\n\n<h3 class=\"wp-block-heading\">CORSI OBBLIGATORI PER I CANI SOGETTI A RESTRIZIONI (CANI DELLA LISTA)<\/h3>\n\n\n\n<figure class=\"wp-block-image size-medium\"><img loading=\"lazy\" decoding=\"async\" width=\"225\" height=\"300\" src=\"https:\/\/scascona.ch\/wp-content\/uploads\/2025\/04\/WhatsApp-Bild-2025-04-12-um-11.49.37_e9258670-225x300.jpg\" alt=\"\" class=\"wp-image-1082\" srcset=\"https:\/\/scascona.ch\/wp-content\/uploads\/2025\/04\/WhatsApp-Bild-2025-04-12-um-11.49.37_e9258670-225x300.jpg 225w, https:\/\/scascona.ch\/wp-content\/uploads\/2025\/04\/WhatsApp-Bild-2025-04-12-um-11.49.37_e9258670-768x1024.jpg 768w, https:\/\/scascona.ch\/wp-content\/uploads\/2025\/04\/WhatsApp-Bild-2025-04-12-um-11.49.37_e9258670-1152x1536.jpg 1152w, https:\/\/scascona.ch\/wp-content\/uploads\/2025\/04\/WhatsApp-Bild-2025-04-12-um-11.49.37_e9258670.jpg 1200w\" sizes=\"auto, (max-width: 225px) 100vw, 225px\" \/><\/figure>\n\n\n\n<p><strong>Lo devi frequentare se:<\/strong><\/p>\n\n\n\n<p>\u2022 Se il cane appartiene alla <a href=\"https:\/\/www4.ti.ch\/dss\/dsp\/uvc\/settori-di-attivita\/cani\/razze-soggette-ad-autorizzazione\/lista\" data-type=\"link\" data-id=\"https:\/\/www4.ti.ch\/dss\/dsp\/uvc\/settori-di-attivita\/cani\/razze-soggette-ad-autorizzazione\/lista\">lista delle 30 razze<\/a> o se \u00e8 derivante da un incrocio delle stesse,<\/p>\n\n\n\n<p>\u2022 Se il tuo cane \u00e8 nato dopo il 1. aprile 2009,<\/p>\n\n\n\n<p>\u2022 Se il tuo cane risiede in Ticino o vi soggiorna per pi\u00f9 di 30 giorni durante l\u2019anno.<\/p>\n\n\n\n<p>Ricorda che prima dell\u2019acquisto e della frequenza di questo corso devi richiedere un\u2019<a href=\"https:\/\/www4.ti.ch\/fileadmin\/DSS\/DSP\/UVC\/pdf\/sportello\/form_cani\/Autorizzazione_cani_soggetti_restrizioni_2024_compilabile.pdf\">autorizzazione<\/a>.<\/p>\n\n\n\n<p>&#8211; <a href=\"https:\/\/scascona.ch\/de\/regolamento-corso-30-razze\/\">Regolamento corso 30 razze<\/a>                                      <\/p>\n\n\n\n<p><\/p>\n\n\n\n<p><strong>Obbiettivo del corso:<\/strong><\/p>\n\n\n\n<p>\u2022 Conoscere il proprio cane e acquisire maggiori competenze nella gestione dello stesso.<\/p>\n\n\n\n<p>\u2022 Accompagnare il detentore ai test cantonali secondo il <a href=\"https:\/\/www4.ti.ch\/fileadmin\/DSS\/DSP\/UVC\/pdf\/cani\/Protocollo_test_cani_2012.pdf\">protocollo<\/a>.<\/p>\n\n\n\n<p>\u2022 Et\u00e0 consigliata dai 6 mesi. Meglio cominciare subito con un corso cuccioli!<\/p>\n\n\n\n<p>&#8211; <a href=\"https:\/\/scascona.ch\/wp-content\/uploads\/2025\/11\/Video-Claudia-202511.mp4\">Video &#8211; lavoro sul campo<\/a><\/p>\n\n\n\n<p>Il corso  30 razze avr\u00e0 luogo ogni luned\u00ec  e marted\u00ec mattina. In caso di inagibilit\u00e0 del campo, i recuperi avverranno il sabato o la domenica mattina  (quando non ci sono eventi previsti).<\/p>\n\n\n\n<p><strong>Prossimo corso a partire da Settembre 2025<\/strong><\/p>\n\n\n\n<p>iscrizione o informazioni: Claudia Palmieri telefono +41 79 292 45 72 o <a href=\"mailto:info@istruttorecinofilo.ch\">mail<\/a><\/p>\n\n\n\n<figure class=\"wp-block-image size-large\"><img loading=\"lazy\" decoding=\"async\" width=\"724\" height=\"1024\" src=\"https:\/\/scascona.ch\/wp-content\/uploads\/2025\/08\/cani-30-razze-20250824-724x1024.jpg\" alt=\"\" class=\"wp-image-1124\" srcset=\"https:\/\/scascona.ch\/wp-content\/uploads\/2025\/08\/cani-30-razze-20250824-724x1024.jpg 724w, https:\/\/scascona.ch\/wp-content\/uploads\/2025\/08\/cani-30-razze-20250824-212x300.jpg 212w, https:\/\/scascona.ch\/wp-content\/uploads\/2025\/08\/cani-30-razze-20250824-768x1086.jpg 768w, https:\/\/scascona.ch\/wp-content\/uploads\/2025\/08\/cani-30-razze-20250824-1086x1536.jpg 1086w, https:\/\/scascona.ch\/wp-content\/uploads\/2025\/08\/cani-30-razze-20250824.jpg 1414w\" sizes=\"auto, (max-width: 724px) 100vw, 724px\" \/><\/figure>\n\n\n\n<p><\/p>\n\n\n\n<p><\/p>","protected":false},"excerpt":{"rendered":"<p>CORSI OBBLIGATORI PER I CANI SOGETTI A RESTRIZIONI (CANI DELLA LISTA) Lo devi frequentare se: \u2022 Se il cane appartiene alla lista delle 30 razze o se \u00e8 derivante da un incrocio delle stesse, \u2022 Se il tuo cane \u00e8 nato dopo il 1. aprile 2009, \u2022 Se il tuo cane risiede in Ticino o [&hellip;]<\/p>\n","protected":false},"author":2,"featured_media":308,"parent":0,"menu_order":3,"comment_status":"closed","ping_status":"closed","template":"","meta":{"footnotes":""},"class_list":["post-192","page","type-page","status-publish","has-post-thumbnail","hentry"],"_links":{"self":[{"href":"https:\/\/scascona.ch\/de\/wp-json\/wp\/v2\/pages\/192","targetHints":{"allow":["GET"]}}],"collection":[{"href":"https:\/\/scascona.ch\/de\/wp-json\/wp\/v2\/pages"}],"about":[{"href":"https:\/\/scascona.ch\/de\/wp-json\/wp\/v2\/types\/page"}],"author":[{"embeddable":true,"href":"https:\/\/scascona.ch\/de\/wp-json\/wp\/v2\/users\/2"}],"replies":[{"embeddable":true,"href":"https:\/\/scascona.ch\/de\/wp-json\/wp\/v2\/comments?post=192"}],"version-history":[{"count":29,"href":"https:\/\/scascona.ch\/de\/wp-json\/wp\/v2\/pages\/192\/revisions"}],"predecessor-version":[{"id":1251,"href":"https:\/\/scascona.ch\/de\/wp-json\/wp\/v2\/pages\/192\/revisions\/1251"}],"wp:featuredmedia":[{"embeddable":true,"href":"https:\/\/scascona.ch\/de\/wp-json\/wp\/v2\/media\/308"}],"wp:attachment":[{"href":"https:\/\/scascona.ch\/de\/wp-json\/wp\/v2\/media?parent=192"}],"curies":[{"name":"wp","href":"https:\/\/api.w.org\/{rel}","templated":true}]}}