{"id":294,"date":"2021-02-19T09:38:27","date_gmt":"2021-02-19T09:38:27","guid":{"rendered":"https:\/\/sc-ascona.zambroid.me\/?page_id=294"},"modified":"2026-01-27T08:28:17","modified_gmt":"2026-01-27T07:28:17","slug":"bh-vt","status":"publish","type":"page","link":"https:\/\/scascona.ch\/de\/bh-vt\/","title":{"rendered":"BH\/VT"},"content":{"rendered":"<p>Il BH\/VT non \u00e8 una prova di lavoro ma \u00e8 una prova di accompagnamento in campo e in sicurezza nel traffico. <br>Diciamo una sorta di prova caratteriale, che superata, fa del binomio un super cittadino con il suo 4 zampe.<br>E\u2019 una prova internazionale ed \u00e8 richiesta quale requisito per un percorso d\u2019accompagnamento (IBGH), come anche in prove di lavoro in pista e di utilit\u00e0 e difesa.<br>I requisiti dovrebbero essere un buon rapporto fra conduttore e cane e un obbedienza iniziale gi\u00e0 discreta.<br>L\u2019istruttore deve essere in grado di costruire gli esercizi seduto, terra con i criteri di modellamento in rinforzo positivo con la regola delle 3 D (durata, distanza, distrazione). Deve conoscere il condizionamento classico e operante, applicando le tecniche di educazione a seconda del cane che ha difronte sapendole modificare.<br>Si imparer\u00e0 a impostare richiami al fronte con rimessa al piede e una condotta naturale dove il cane \u00e8 felice di seguire il padrone con e senza guinzaglio.<br><br>Un livello medio alto di riuscita \u00e8 consigliato per chi volesse poi seguire le discipline di utilit\u00e0 e difesa.<br>Per un proprietario non interessato a gareggiare resta sempre e comunque un traguardo di seriet\u00e0 in riferimento alla gestione del cane e comunque un percorso appagante e divertente!<\/p>\n\n\n\n<p>Ecco un video esplicativo del giorno della prova&nbsp;<a href=\"https:\/\/youtu.be\/xP1qAZgYmyw\">BH\/VT<\/a><\/p>\n\n\n\n<p>(corso promosso per la prima volta in Ticino da SC Ascona, testo C. Palmieri)<\/p>\n\n\n\n<p><strong>Per maggiori informazioni o iscrizioni: <\/strong><\/p>\n\n\n\n<p>Claudia Palmieri telefono +41 79 292 45 72 o <a href=\"mailto:info@istruttorecinofilo.ch\">mail<\/a><\/p>\n\n\n\n<p><\/p>","protected":false},"excerpt":{"rendered":"<p>Il BH\/VT non \u00e8 una prova di lavoro ma \u00e8 una prova di accompagnamento in campo e in sicurezza nel traffico. Diciamo una sorta di prova caratteriale, che superata, fa del binomio un super cittadino con il suo 4 zampe.E\u2019 una prova internazionale ed \u00e8 richiesta quale requisito per un percorso d\u2019accompagnamento (IBGH), come anche [&hellip;]<\/p>\n","protected":false},"author":2,"featured_media":330,"parent":0,"menu_order":3,"comment_status":"closed","ping_status":"closed","template":"","meta":{"footnotes":""},"class_list":["post-294","page","type-page","status-publish","has-post-thumbnail","hentry"],"_links":{"self":[{"href":"https:\/\/scascona.ch\/de\/wp-json\/wp\/v2\/pages\/294","targetHints":{"allow":["GET"]}}],"collection":[{"href":"https:\/\/scascona.ch\/de\/wp-json\/wp\/v2\/pages"}],"about":[{"href":"https:\/\/scascona.ch\/de\/wp-json\/wp\/v2\/types\/page"}],"author":[{"embeddable":true,"href":"https:\/\/scascona.ch\/de\/wp-json\/wp\/v2\/users\/2"}],"replies":[{"embeddable":true,"href":"https:\/\/scascona.ch\/de\/wp-json\/wp\/v2\/comments?post=294"}],"version-history":[{"count":6,"href":"https:\/\/scascona.ch\/de\/wp-json\/wp\/v2\/pages\/294\/revisions"}],"predecessor-version":[{"id":1250,"href":"https:\/\/scascona.ch\/de\/wp-json\/wp\/v2\/pages\/294\/revisions\/1250"}],"wp:featuredmedia":[{"embeddable":true,"href":"https:\/\/scascona.ch\/de\/wp-json\/wp\/v2\/media\/330"}],"wp:attachment":[{"href":"https:\/\/scascona.ch\/de\/wp-json\/wp\/v2\/media?parent=294"}],"curies":[{"name":"wp","href":"https:\/\/api.w.org\/{rel}","templated":true}]}}