{"id":879,"date":"2025-03-25T07:03:19","date_gmt":"2025-03-25T06:03:19","guid":{"rendered":"https:\/\/scascona.ch\/?page_id=879"},"modified":"2026-02-02T14:58:47","modified_gmt":"2026-02-02T13:58:47","slug":"chi-siamo","status":"publish","type":"page","link":"https:\/\/scascona.ch\/de\/chi-siamo\/","title":{"rendered":"Wer Wir Sind"},"content":{"rendered":"<div class=\"wp-block-image\">\n<figure class=\"alignleft size-full\"><img loading=\"lazy\" decoding=\"async\" width=\"806\" height=\"888\" src=\"https:\/\/scascona.ch\/wp-content\/uploads\/2025\/02\/60-anni-D.jpg\" alt=\"\" class=\"wp-image-867\" srcset=\"https:\/\/scascona.ch\/wp-content\/uploads\/2025\/02\/60-anni-D.jpg 806w, https:\/\/scascona.ch\/wp-content\/uploads\/2025\/02\/60-anni-D-272x300.jpg 272w, https:\/\/scascona.ch\/wp-content\/uploads\/2025\/02\/60-anni-D-768x846.jpg 768w\" sizes=\"auto, (max-width: 806px) 100vw, 806px\" \/><\/figure>\n<\/div>\n\n\n<p class=\"has-large-font-size\"><\/p>\n\n\n\n<p>Die societ\u00e0 cinofila Ascona wurde 1965 gegr\u00fcndet. \u00dcber die Jahre hinweg haben wir uns immer wieder neu erfunden sowie verbessert, immer mit dem Hundesport im Herzen.<\/p>\n\n\n\n<p>In unserer Hundeschule gib es immer wieder verschiedene Kurse und Events. St\u00f6bere durch die Website um immer die neusten Neuigkeiten mitzbekommen.<\/p>\n\n\n\n<p>Wir w\u00fcrden uns \u00fcber eure Mitgliedschaft freuen, welche uns dabei hilft unsere Hundeschule am laufen zu halten.<\/p>\n\n\n\n<p>Die Mitgliedsgeb\u00fchr bel\u00e4uft sich auf 40 Chf<\/p>\n\n\n\n<p>Die Geb\u00fchr, um den Platz zu nutzen bel\u00e4uft sich auf 140 Chf<\/p>\n\n\n\n<p class=\"has-vivid-red-color has-text-color\"><\/p>","protected":false},"excerpt":{"rendered":"<p>La societ\u00e0 cinofila Ascona viene fondata nel 1965, e negli anni si \u00e8 rinnovata e migliorata, tenendo sempre al centro l&#8217;attivit\u00e0 cinofila. Presso la nostra cinofila vengono svolti diversi corsi ed eventi, puoi curiosare nel sito per essere al corrente delle novit\u00e0. Saremmo grati per il vostro contributo di socio che ci aiuter\u00e0 a sostenere [&hellip;]<\/p>\n","protected":false},"author":1,"featured_media":151,"parent":0,"menu_order":3,"comment_status":"closed","ping_status":"closed","template":"","meta":{"footnotes":""},"class_list":["post-879","page","type-page","status-publish","has-post-thumbnail","hentry"],"_links":{"self":[{"href":"https:\/\/scascona.ch\/de\/wp-json\/wp\/v2\/pages\/879","targetHints":{"allow":["GET"]}}],"collection":[{"href":"https:\/\/scascona.ch\/de\/wp-json\/wp\/v2\/pages"}],"about":[{"href":"https:\/\/scascona.ch\/de\/wp-json\/wp\/v2\/types\/page"}],"author":[{"embeddable":true,"href":"https:\/\/scascona.ch\/de\/wp-json\/wp\/v2\/users\/1"}],"replies":[{"embeddable":true,"href":"https:\/\/scascona.ch\/de\/wp-json\/wp\/v2\/comments?post=879"}],"version-history":[{"count":3,"href":"https:\/\/scascona.ch\/de\/wp-json\/wp\/v2\/pages\/879\/revisions"}],"predecessor-version":[{"id":1257,"href":"https:\/\/scascona.ch\/de\/wp-json\/wp\/v2\/pages\/879\/revisions\/1257"}],"wp:featuredmedia":[{"embeddable":true,"href":"https:\/\/scascona.ch\/de\/wp-json\/wp\/v2\/media\/151"}],"wp:attachment":[{"href":"https:\/\/scascona.ch\/de\/wp-json\/wp\/v2\/media?parent=879"}],"curies":[{"name":"wp","href":"https:\/\/api.w.org\/{rel}","templated":true}]}}